{"id":1945,"date":"2023-11-25T07:48:26","date_gmt":"2023-11-25T07:48:26","guid":{"rendered":"https:\/\/apexa.alithemes.com\/?page_id=1945"},"modified":"2024-12-10T14:59:33","modified_gmt":"2024-12-10T13:59:33","slug":"contact-with-us","status":"publish","type":"page","link":"https:\/\/abidjan.diplomatie.gov.bf\/index.php\/contact-with-us\/","title":{"rendered":"Contacter Nous"},"content":{"rendered":"\t\t<div data-elementor-type=\"wp-page\" data-elementor-id=\"1945\" class=\"elementor elementor-1945\" data-elementor-post-type=\"page\">\n\t\t\t\t<div data-particle_enable=\"false\" data-particle-mobile-disabled=\"false\" class=\"elementor-element elementor-element-b6df3ee e-flex e-con-boxed e-con e-parent\" data-id=\"b6df3ee\" data-element_type=\"container\" data-e-type=\"container\" data-settings=\"{&quot;background_background&quot;:&quot;classic&quot;}\">\n\t\t\t\t\t<div class=\"e-con-inner\">\n\t\t<div data-particle_enable=\"false\" data-particle-mobile-disabled=\"false\" class=\"elementor-element elementor-element-a11fa63 e-con-full e-flex e-con e-child\" data-id=\"a11fa63\" data-element_type=\"container\" data-e-type=\"container\">\n\t\t\t\t<div class=\"elementor-element elementor-element-5c900dc elementor-widget elementor-widget-google_maps\" data-id=\"5c900dc\" data-element_type=\"widget\" data-e-type=\"widget\" data-widget_type=\"google_maps.default\">\n\t\t\t\t<div class=\"elementor-widget-container\">\n\t\t\t\t\t\t\t<div class=\"elementor-custom-embed\">\n\t\t\t<iframe loading=\"lazy\"\n\t\t\t\t\tsrc=\"https:\/\/maps.google.com\/maps?q=5.324244%2C%20-4.023064&#038;t=m&#038;z=15&#038;output=embed&#038;iwloc=near\"\n\t\t\t\t\ttitle=\"5.324244, -4.023064\"\n\t\t\t\t\taria-label=\"5.324244, -4.023064\"\n\t\t\t><\/iframe>\n\t\t<\/div>\n\t\t\t\t\t\t<\/div>\n\t\t\t\t<\/div>\n\t\t\t\t<\/div>\n\t\t<div data-particle_enable=\"false\" data-particle-mobile-disabled=\"false\" class=\"elementor-element elementor-element-84e4cf7 e-con-full e-flex e-con e-child\" data-id=\"84e4cf7\" data-element_type=\"container\" data-e-type=\"container\">\n\t\t<div data-particle_enable=\"false\" data-particle-mobile-disabled=\"false\" class=\"elementor-element elementor-element-8179cb2 e-con-full e-flex e-con e-child\" data-id=\"8179cb2\" data-element_type=\"container\" data-e-type=\"container\">\n\t\t\t\t<div class=\"elementor-element elementor-element-69e6452 elementor-widget elementor-widget-heading\" data-id=\"69e6452\" data-element_type=\"widget\" data-e-type=\"widget\" data-widget_type=\"heading.default\">\n\t\t\t\t<div class=\"elementor-widget-container\">\n\t\t\t\t\t<h3 class=\"elementor-heading-title elementor-size-default\">Comment nous pouvons vous aider ?<\/h3>\t\t\t\t<\/div>\n\t\t\t\t<\/div>\n\t\t\t\t<div class=\"elementor-element elementor-element-5e53449 elementor-widget elementor-widget-heading\" data-id=\"5e53449\" data-element_type=\"widget\" data-e-type=\"widget\" data-widget_type=\"heading.default\">\n\t\t\t\t<div class=\"elementor-widget-container\">\n\t\t\t\t\t<p class=\"elementor-heading-title elementor-size-default\">Veuillez nous joindre \u00e0 travers les contacts suivants<\/p>\t\t\t\t<\/div>\n\t\t\t\t<\/div>\n\t\t\t\t<div class=\"elementor-element elementor-element-b685a3b elementor-widget elementor-widget-contact-info\" data-id=\"b685a3b\" data-element_type=\"widget\" data-e-type=\"widget\" data-widget_type=\"contact-info.default\">\n\t\t\t\t<div class=\"elementor-widget-container\">\n\t\t\t\t\t\r\n        <div class=\"contact__info\">\r\n            <ul class=\"list-wrap\">\r\n                                    <li>\r\n                                                    <div class=\"icon\">\r\n                                <i aria-hidden=\"true\" class=\"flaticon-pin\"><\/i>                            <\/div>\r\n                                                <div class=\"content\">\r\n                            <h4 class=\"title\">Addresse<\/h4>\r\n                            <p>02 Avenue Terrasson de Foug\u00e8res- 01BP 908 Abidjan 01<\/p>\r\n                        <\/div>\r\n                    <\/li>\r\n                                    <li>\r\n                                                    <div class=\"icon\">\r\n                                <i aria-hidden=\"true\" class=\"genix flaticon-phone-call\"><\/i>                            <\/div>\r\n                                                <div class=\"content\">\r\n                            <h4 class=\"title\">T\u00e9l\u00e9phone<\/h4>\r\n                            <p>+225 202720211313 \/ 07990303<\/p>\r\n                        <\/div>\r\n                    <\/li>\r\n                                    <li>\r\n                                                    <div class=\"icon\">\r\n                                <i aria-hidden=\"true\" class=\"genix flaticon-mail\"><\/i>                            <\/div>\r\n                                                <div class=\"content\">\r\n                            <h4 class=\"title\">E-mail<\/h4>\r\n                            <p>consulat.abidjan@diplomatie.gov.bf ou consulatburkinabj@yahoo.fr <\/p>\r\n                        <\/div>\r\n                    <\/li>\r\n                            <\/ul>\r\n        <\/div>\r\n\r\n\t\t\t\t<\/div>\n\t\t\t\t<\/div>\n\t\t\t\t<\/div>\n\t\t<div data-particle_enable=\"false\" data-particle-mobile-disabled=\"false\" class=\"elementor-element elementor-element-4867449 e-con-full e-flex e-con e-child\" data-id=\"4867449\" data-element_type=\"container\" data-e-type=\"container\">\n\t\t\t\t<div class=\"elementor-element elementor-element-816d36f elementor-widget elementor-widget-shortcode\" data-id=\"816d36f\" data-element_type=\"widget\" data-e-type=\"widget\" data-widget_type=\"shortcode.default\">\n\t\t\t\t<div class=\"elementor-widget-container\">\n\t\t\t\t\t\t\t<div class=\"elementor-shortcode\">\n<div class=\"wpcf7 no-js\" id=\"wpcf7-f1953-o1\" lang=\"en-US\" dir=\"ltr\" data-wpcf7-id=\"1953\">\n<div class=\"screen-reader-response\"><p role=\"status\" aria-live=\"polite\" aria-atomic=\"true\"><\/p> <ul><\/ul><\/div>\n<form action=\"\/index.php\/wp-json\/wp\/v2\/pages\/1945#wpcf7-f1953-o1\" method=\"post\" class=\"wpcf7-form init\" aria-label=\"Contact form\" novalidate=\"novalidate\" data-status=\"init\">\n<fieldset class=\"hidden-fields-container\"><input type=\"hidden\" name=\"_wpcf7\" value=\"1953\" \/><input type=\"hidden\" name=\"_wpcf7_version\" value=\"6.1.5\" \/><input type=\"hidden\" name=\"_wpcf7_locale\" value=\"en_US\" \/><input type=\"hidden\" name=\"_wpcf7_unit_tag\" value=\"wpcf7-f1953-o1\" \/><input type=\"hidden\" name=\"_wpcf7_container_post\" value=\"0\" \/><input type=\"hidden\" name=\"_wpcf7_posted_data_hash\" value=\"\" \/>\n<\/fieldset>\n<div class=\"contact__form-wrap\">\n    <h2 class=\"title\">Envoyez nous un message<\/h2>\n    <p>Votre adresse \u00e9lectronique ne sera pas publi\u00e9e. Les champs obligatoires sont marqu\u00e9s *<\/p>\n    <div class=\"row\">\n        <div class=\"col-md-6\">\n            <div class=\"form-grp\">\n                <span class=\"wpcf7-form-control-wrap\" data-name=\"your-name\"><input size=\"40\" maxlength=\"400\" class=\"wpcf7-form-control wpcf7-text\" aria-invalid=\"false\" placeholder=\"Nom\" value=\"\" type=\"text\" name=\"your-name\" \/><\/span>\n            <\/div>\n        <\/div>\n        <div class=\"col-md-6\">\n            <div class=\"form-grp\">\n                <span class=\"wpcf7-form-control-wrap\" data-name=\"your-phone\"><input size=\"40\" maxlength=\"400\" class=\"wpcf7-form-control wpcf7-tel wpcf7-text wpcf7-validates-as-tel\" aria-invalid=\"false\" placeholder=\"T\u00e9l\u00e9phone\" value=\"\" type=\"tel\" name=\"your-phone\" \/><\/span>\n            <\/div>\n        <\/div>\n    <\/div>\n    <div class=\"offset-md-2 col-md-8\">\n            <div class=\"form-grp\">\n                <span class=\"wpcf7-form-control-wrap\" data-name=\"your-email\"><input size=\"40\" maxlength=\"400\" class=\"wpcf7-form-control wpcf7-email wpcf7-validates-as-required wpcf7-text wpcf7-validates-as-email\" aria-required=\"true\" aria-invalid=\"false\" placeholder=\"Email\" value=\"\" type=\"email\" name=\"your-email\" \/><\/span>\n            <\/div>\n        <\/div>\n    <div class=\"form-grp\">\n        <span class=\"wpcf7-form-control-wrap\" data-name=\"your-message\"><textarea cols=\"40\" rows=\"10\" maxlength=\"2000\" class=\"wpcf7-form-control wpcf7-textarea\" aria-invalid=\"false\" placeholder=\"Message\" name=\"your-message\"><\/textarea><\/span>\n    <\/div>\n    <div class=\"form-grp checkbox-grp\">\n        <input type=\"checkbox\" name=\"checkbox\" id=\"checkbox\">\n        <label for=\"checkbox\">Enregistrer mon nom, mon adresse \u00e9lectronique et mon site web dans ce navigateur pour la prochaine fois que je ferai un commentaire.<\/label>\n    <\/div>\n    <button type=\"submit\" class=\"btn\">Soumettre mon message<\/button>\n<\/div><div class=\"wpcf7-response-output\" aria-hidden=\"true\"><\/div>\n<\/form>\n<\/div>\n<\/div>\n\t\t\t\t\t\t<\/div>\n\t\t\t\t<\/div>\n\t\t\t\t<\/div>\n\t\t\t\t<\/div>\n\t\t\t\t\t<\/div>\n\t\t\t\t<\/div>\n\t\t\t\t<\/div>\n\t\t","protected":false},"excerpt":{"rendered":"<p>\/*! elementor &#8211; v3.23.0 &#8211; 05-08-2024 *\/ .elementor-widget-google_maps .elementor-widget-container{overflow:hidden}.elementor-widget-google_maps .elementor-custom-embed{line-height:0}.elementor-widget-google_maps iframe{height:300px} \/*! elementor &#8211; v3.23.0 &#8211; 05-08-2024 *\/ .elementor-heading-title{padding:0;margin:0;line-height:1}.elementor-widget-heading .elementor-heading-title[class*=elementor-size-]&gt;a{color:inherit;font-size:inherit;line-height:inherit}.elementor-widget-heading .elementor-heading-title.elementor-size-small{font-size:15px}.elementor-widget-heading .elementor-heading-title.elementor-size-medium{font-size:19px}.elementor-widget-heading .elementor-heading-title.elementor-size-large{font-size:29px}.elementor-widget-heading .elementor-heading-title.elementor-size-xl{font-size:39px}.elementor-widget-heading .elementor-heading-title.elementor-size-xxl{font-size:59px} Comment nous pouvons vous aider ? Veuillez nous joindre \u00e0 travers les contacts suivants Addresse 02 Avenue Terrasson de Foug\u00e8res- 01BP 908 Abidjan 01 T\u00e9l\u00e9phone +225 202720211313 \/ 07990303 E-mail [&hellip;]<\/p>\n","protected":false},"author":1,"featured_media":0,"parent":0,"menu_order":0,"comment_status":"closed","ping_status":"closed","template":"elementor_header_footer","meta":{"_acf_changed":false,"_monsterinsights_skip_tracking":false,"_monsterinsights_sitenote_active":false,"_monsterinsights_sitenote_note":"","_monsterinsights_sitenote_category":0,"footnotes":""},"class_list":["post-1945","page","type-page","status-publish","hentry"],"acf":[],"_links":{"self":[{"href":"https:\/\/abidjan.diplomatie.gov.bf\/index.php\/wp-json\/wp\/v2\/pages\/1945","targetHints":{"allow":["GET"]}}],"collection":[{"href":"https:\/\/abidjan.diplomatie.gov.bf\/index.php\/wp-json\/wp\/v2\/pages"}],"about":[{"href":"https:\/\/abidjan.diplomatie.gov.bf\/index.php\/wp-json\/wp\/v2\/types\/page"}],"author":[{"embeddable":true,"href":"https:\/\/abidjan.diplomatie.gov.bf\/index.php\/wp-json\/wp\/v2\/users\/1"}],"replies":[{"embeddable":true,"href":"https:\/\/abidjan.diplomatie.gov.bf\/index.php\/wp-json\/wp\/v2\/comments?post=1945"}],"version-history":[{"count":30,"href":"https:\/\/abidjan.diplomatie.gov.bf\/index.php\/wp-json\/wp\/v2\/pages\/1945\/revisions"}],"predecessor-version":[{"id":5129,"href":"https:\/\/abidjan.diplomatie.gov.bf\/index.php\/wp-json\/wp\/v2\/pages\/1945\/revisions\/5129"}],"wp:attachment":[{"href":"https:\/\/abidjan.diplomatie.gov.bf\/index.php\/wp-json\/wp\/v2\/media?parent=1945"}],"curies":[{"name":"wp","href":"https:\/\/api.w.org\/{rel}","templated":true}]}}