{"id":3048,"date":"2024-06-25T17:20:07","date_gmt":"2024-06-25T15:20:07","guid":{"rendered":"https:\/\/abidjan.diplomatie.gov.bf\/?page_id=3048"},"modified":"2024-12-12T13:54:36","modified_gmt":"2024-12-12T12:54:36","slug":"presentation","status":"publish","type":"page","link":"https:\/\/abidjan.diplomatie.gov.bf\/index.php\/presentation\/","title":{"rendered":"Pr\u00e9sentation"},"content":{"rendered":"\t\t<div data-elementor-type=\"wp-page\" data-elementor-id=\"3048\" class=\"elementor elementor-3048\" data-elementor-post-type=\"page\">\n\t\t\t\t<div data-particle_enable=\"false\" data-particle-mobile-disabled=\"false\" class=\"elementor-element elementor-element-9ea5abf e-con-full e-flex e-con e-parent\" data-id=\"9ea5abf\" data-element_type=\"container\" data-e-type=\"container\" data-settings=\"{&quot;background_background&quot;:&quot;classic&quot;}\">\n\t\t\t\t<div class=\"elementor-element elementor-element-67587b9 elementor-widget elementor-widget-heading\" data-id=\"67587b9\" data-element_type=\"widget\" data-e-type=\"widget\" data-widget_type=\"heading.default\">\n\t\t\t\t<div class=\"elementor-widget-container\">\n\t\t\t\t\t<h2 class=\"elementor-heading-title elementor-size-default\">Burkina Faso<\/h2>\t\t\t\t<\/div>\n\t\t\t\t<\/div>\n\t\t\t\t<div class=\"elementor-element elementor-element-2b51633 elementor-widget-divider--view-line_text elementor-widget-divider--element-align-center elementor-widget elementor-widget-divider\" data-id=\"2b51633\" data-element_type=\"widget\" data-e-type=\"widget\" data-widget_type=\"divider.default\">\n\t\t\t\t<div class=\"elementor-widget-container\">\n\t\t\t\t\t\t\t<div class=\"elementor-divider\">\n\t\t\t<span class=\"elementor-divider-separator\">\n\t\t\t\t\t\t\t<span class=\"elementor-divider__text elementor-divider__element\">\n\t\t\t\tPr\u00e9sentation\t\t\t\t<\/span>\n\t\t\t\t\t\t<\/span>\n\t\t<\/div>\n\t\t\t\t\t\t<\/div>\n\t\t\t\t<\/div>\n\t\t\t\t<div class=\"elementor-element elementor-element-68a6d50 elementor-widget elementor-widget-text-editor\" data-id=\"68a6d50\" data-element_type=\"widget\" data-e-type=\"widget\" data-widget_type=\"text-editor.default\">\n\t\t\t\t<div class=\"elementor-widget-container\">\n\t\t\t\t\t\t\t\t\t<p>Situ\u00e9 au c\u0153ur de l&rsquo;Afrique occidentale, le Burkina Faso est limit\u00e9 au Nord et \u00e0 l&rsquo;Ouest par le Mali, au Nord-Est par le Niger, au Sud-Est par le B\u00e9nin, au Sud par le Togo et le Ghana et au Sud-Ouest par la C\u00f4te d&rsquo;Ivoire<\/p>\t\t\t\t\t\t\t\t<\/div>\n\t\t\t\t<\/div>\n\t\t\t\t<\/div>\n\t\t<div data-particle_enable=\"false\" data-particle-mobile-disabled=\"false\" class=\"elementor-element elementor-element-a897276 e-con-full e-flex e-con e-parent\" data-id=\"a897276\" data-element_type=\"container\" data-e-type=\"container\" data-settings=\"{&quot;background_background&quot;:&quot;classic&quot;}\">\n\t\t<div data-particle_enable=\"false\" data-particle-mobile-disabled=\"false\" class=\"elementor-element elementor-element-bb26b3b e-con-full e-flex e-con e-child\" data-id=\"bb26b3b\" data-element_type=\"container\" data-e-type=\"container\">\n\t\t\t\t<div class=\"elementor-element elementor-element-3ace105 elementor-widget elementor-widget-image\" data-id=\"3ace105\" data-element_type=\"widget\" data-e-type=\"widget\" data-widget_type=\"image.default\">\n\t\t\t\t<div class=\"elementor-widget-container\">\n\t\t\t\t\t\t\t\t\t\t\t\t<figure class=\"wp-caption\">\n\t\t\t\t\t\t\t\t\t\t\t<a href=\"http:\/\/abidjan.diplomatie.gov.bf\/wp-content\/uploads\/sites\/2\/2024\/06\/la-carte-du-burkina-faso-montre-frontieres-du-pays-les-zones-urbaines-les-noms-de-lieux-et-de-routes-les-etiquettes-en-anglais-si-possible-projection-mercator-m4kmee-copie.jpg\" data-elementor-open-lightbox=\"yes\" data-elementor-lightbox-title=\"la-carte-du-burkina-faso-montre-frontieres-du-pays-les-zones-urbaines-les-noms-de-lieux-et-de-routes-les-etiquettes-en-anglais-si-possible-projection-mercator-m4kmee copie\" data-e-action-hash=\"#elementor-action%3Aaction%3Dlightbox%26settings%3DeyJpZCI6IjM2MDUiLCJ1cmwiOiJodHRwczpcL1wvYWJpZGphbi5kaXBsb21hdGllLmdvdi5iZlwvd3AtY29udGVudFwvdXBsb2Fkc1wvc2l0ZXNcLzQ0XC8yMDI0XC8wNlwvbGEtY2FydGUtZHUtYnVya2luYS1mYXNvLW1vbnRyZS1mcm9udGllcmVzLWR1LXBheXMtbGVzLXpvbmVzLXVyYmFpbmVzLWxlcy1ub21zLWRlLWxpZXV4LWV0LWRlLXJvdXRlcy1sZXMtZXRpcXVldHRlcy1lbi1hbmdsYWlzLXNpLXBvc3NpYmxlLXByb2plY3Rpb24tbWVyY2F0b3ItbTRrbWVlLWNvcGllLmpwZyJ9\">\n\t\t\t\t\t\t\t<img fetchpriority=\"high\" decoding=\"async\" width=\"640\" height=\"545\" src=\"https:\/\/abidjan.diplomatie.gov.bf\/wp-content\/uploads\/sites\/44\/2024\/06\/la-carte-du-burkina-faso-montre-frontieres-du-pays-les-zones-urbaines-les-noms-de-lieux-et-de-routes-les-etiquettes-en-anglais-si-possible-projection-mercator-m4kmee-copie.jpg\" class=\"attachment-large size-large wp-image-3605\" alt=\"\" \/>\t\t\t\t\t\t\t\t<\/a>\n\t\t\t\t\t\t\t\t\t\t\t<figcaption class=\"widget-image-caption wp-caption-text\">Carte du Burkina Faso<\/figcaption>\n\t\t\t\t\t\t\t\t\t\t<\/figure>\n\t\t\t\t\t\t\t\t\t<\/div>\n\t\t\t\t<\/div>\n\t\t\t\t<\/div>\n\t\t<div data-particle_enable=\"false\" data-particle-mobile-disabled=\"false\" class=\"elementor-element elementor-element-9c13663 e-con-full e-flex e-con e-child\" data-id=\"9c13663\" data-element_type=\"container\" data-e-type=\"container\">\n\t\t\t\t<div class=\"elementor-element elementor-element-5db0a1e elementor-widget elementor-widget-heading\" data-id=\"5db0a1e\" data-element_type=\"widget\" data-e-type=\"widget\" data-widget_type=\"heading.default\">\n\t\t\t\t<div class=\"elementor-widget-container\">\n\t\t\t\t\t<h2 class=\"elementor-heading-title elementor-size-default\">G\u00e9ographie<\/h2>\t\t\t\t<\/div>\n\t\t\t\t<\/div>\n\t\t\t\t<div class=\"elementor-element elementor-element-6bd8899 elementor-widget elementor-widget-text-editor\" data-id=\"6bd8899\" data-element_type=\"widget\" data-e-type=\"widget\" data-widget_type=\"text-editor.default\">\n\t\t\t\t<div class=\"elementor-widget-container\">\n\t\t\t\t\t\t\t\t\t<p>Le\u00a0Burkina Faso, litt\u00e9ralement \u00ab\u00a0Pays des hommes int\u00e8gres\u00a0\u00bb est un\u00a0pays\u00a0d&rsquo;Afrique de l&rsquo;Ouest. Il est entour\u00e9 par\u00a0: le\u00a0Mali\u00a0au Nord et \u00e0 l&rsquo;Ouest, le\u00a0Niger\u00a0au Nord-Est, le\u00a0B\u00e9nin\u00a0au Sud-Est, le\u00a0Togo\u00a0et le\u00a0Ghana\u00a0au sud et la\u00a0C\u00f4te d&rsquo;Ivoire\u00a0au Sud-Ouest. Il n&rsquo;a donc pas de d\u00e9bouch\u00e9 sur la mer. C&rsquo;est un pays tr\u00e8s plat, puisque le point culminant est le Tenakourou \u00e0 747 m \u00e0 l&rsquo;ouest.<\/p><p>Le territoire du Burkina Faso est divis\u00e9 en 13 r\u00e9gions et subdivis\u00e9 en 45 provinces, 350 d\u00e9partements, 359 communes de plein exercice dirig\u00e9es par des maires \u00e9lus et 8\u00a0000 villages environ.<\/p><p>\u00a0Chacune des provinces est divis\u00e9e en plusieurs\u00a0d\u00e9partements. Chacun des d\u00e9partements inclut une unique commune (homonyme) pour regrouper et g\u00e9rer localement les espaces habit\u00e9s (villes ou villages) du d\u00e9partement.<\/p>\t\t\t\t\t\t\t\t<\/div>\n\t\t\t\t<\/div>\n\t\t\t\t<\/div>\n\t\t\t\t<\/div>\n\t\t<div data-particle_enable=\"false\" data-particle-mobile-disabled=\"false\" class=\"elementor-element elementor-element-c7a23b3 e-con-full e-flex e-con e-parent\" data-id=\"c7a23b3\" data-element_type=\"container\" data-e-type=\"container\">\n\t\t<div data-particle_enable=\"false\" data-particle-mobile-disabled=\"false\" class=\"elementor-element elementor-element-7900c6e e-con-full e-flex e-con e-child\" data-id=\"7900c6e\" data-element_type=\"container\" data-e-type=\"container\">\n\t\t\t\t<div class=\"elementor-element elementor-element-2f3bc9c elementor-widget elementor-widget-image\" data-id=\"2f3bc9c\" data-element_type=\"widget\" data-e-type=\"widget\" data-widget_type=\"image.default\">\n\t\t\t\t<div class=\"elementor-widget-container\">\n\t\t\t\t\t\t\t\t\t\t\t\t<figure class=\"wp-caption\">\n\t\t\t\t\t\t\t\t\t\t<img decoding=\"async\" width=\"436\" height=\"531\" src=\"https:\/\/abidjan.diplomatie.gov.bf\/wp-content\/uploads\/sites\/44\/2024\/12\/WhatsApp-Image-2024-12-12-at-13.05.24.jpeg\" class=\"attachment-full size-full wp-image-5220\" alt=\"\" \/>\t\t\t\t\t\t\t\t\t\t\t<figcaption class=\"widget-image-caption wp-caption-text\">Armoiries du Burkina Faso<\/figcaption>\n\t\t\t\t\t\t\t\t\t\t<\/figure>\n\t\t\t\t\t\t\t\t\t<\/div>\n\t\t\t\t<\/div>\n\t\t\t\t<\/div>\n\t\t<div data-particle_enable=\"false\" data-particle-mobile-disabled=\"false\" class=\"elementor-element elementor-element-55548fa e-con-full e-flex e-con e-child\" data-id=\"55548fa\" data-element_type=\"container\" data-e-type=\"container\">\n\t\t\t\t<div class=\"elementor-element elementor-element-0e6a618 elementor-widget elementor-widget-heading\" data-id=\"0e6a618\" data-element_type=\"widget\" data-e-type=\"widget\" data-widget_type=\"heading.default\">\n\t\t\t\t<div class=\"elementor-widget-container\">\n\t\t\t\t\t<h2 class=\"elementor-heading-title elementor-size-default\">Armoiries<\/h2>\t\t\t\t<\/div>\n\t\t\t\t<\/div>\n\t\t\t\t<div class=\"elementor-element elementor-element-76d87da elementor-widget elementor-widget-text-editor\" data-id=\"76d87da\" data-element_type=\"widget\" data-e-type=\"widget\" data-widget_type=\"text-editor.default\">\n\t\t\t\t<div class=\"elementor-widget-container\">\n\t\t\t\t\t\t\t\t\t<p>Les armoiries du Burkina Faso sont constitu\u00e9es ainsi qu&rsquo;il suit selon la loi N\u00b020\/97\/11\/AN du 1er Ao\u00fbt 1997<\/p><ul class=\"list-normal\"><li>un (1) \u00e9cu portant au chef, sur une banderole d&rsquo;argent le nom du Pays: \u00ab\u00a0BURKINA FASO \u00a0\u00bb ;<\/li><li>au coeur un \u00e9cusson \u00e0 deux (2) bandes en fasce frapp\u00e9 de l&#8217;embl\u00e8me national et brochant sur deux (2) lances crois\u00e9es ;<\/li><li>deux (2) \u00e9talons d&rsquo;argent redress\u00e9s supportant de part et d&rsquo;autre l&rsquo;\u00e9cusson ;<\/li><li>en pointe, un livre ouvert ;<\/li><li>en dessous, deux (2) tiges de mil \u00e0 trois paires de feuilles vertes en demi-lune \u00e0 partir du bas et \u00e0 \u00e9quidistance de la verticale passant par les pointes de l&rsquo;\u00e9cusson et de la branche sup\u00e9rieure de l&rsquo;\u00e9toile de l&#8217;embl\u00e8me crois\u00e9es et reli\u00e9es \u00e0 leur base par une flamme portant la devise du pays \u00ab\u00a0Unit\u00e9 &#8211; Progr\u00e8s &#8211; Justice\u00a0\u00bb .<\/li><\/ul><p>La flamme supporte l&rsquo;ensemble \u00ab\u00a0tiges de mil &#8211; lances &#8211; \u00e9cusson\u00a0\u00bb<\/p><p>Les deux \u00e9talons symbolisent la noblesse du peuple burkinab\u00e9 ;<\/p><p>Leur position indique l&rsquo;action et leur disposition, la n\u00e9cessite et l&rsquo;importance de l&rsquo;union qui fait la force du peuple.<\/p><p>L&rsquo;\u00e9cusson symbolise la protection de la nation et l&rsquo;amour de la patrie ; bouclier contre les al\u00e9as, rempart contre toutes les agressions, il assure la s\u00e9curit\u00e9 de l&rsquo;Etat.<\/p><p>Les lances symbolisent la d\u00e9termination des fils du Burkina Faso \u00e0 d\u00e9fendre leur patrie ; leur position crois\u00e9e traduit la vigilance et la bravoure de ce peuple.<\/p><p>Le livre ouvert symbolise la qu\u00eate du savoir et de l&rsquo;instruction, facteurs de progr\u00e8s et de d\u00e9veloppement.<\/p><p>Les \u00e9pis de mil symbolisent l&rsquo;aspiration \u00e0 l&rsquo;autosuffisance alimentaire et \u00e0 l&rsquo;abondance.<\/p>\t\t\t\t\t\t\t\t<\/div>\n\t\t\t\t<\/div>\n\t\t\t\t<\/div>\n\t\t\t\t<\/div>\n\t\t<div data-particle_enable=\"false\" data-particle-mobile-disabled=\"false\" class=\"elementor-element elementor-element-eb0bc2b e-flex e-con-boxed e-con e-parent\" data-id=\"eb0bc2b\" data-element_type=\"container\" data-e-type=\"container\" data-settings=\"{&quot;background_background&quot;:&quot;classic&quot;}\">\n\t\t\t\t\t<div class=\"e-con-inner\">\n\t\t<div data-particle_enable=\"false\" data-particle-mobile-disabled=\"false\" class=\"elementor-element elementor-element-9a372a8 e-con-full e-flex e-con e-child\" data-id=\"9a372a8\" data-element_type=\"container\" data-e-type=\"container\">\n\t\t\t\t<div class=\"elementor-element elementor-element-853b0a2 elementor-widget elementor-widget-image\" data-id=\"853b0a2\" data-element_type=\"widget\" data-e-type=\"widget\" data-widget_type=\"image.default\">\n\t\t\t\t<div class=\"elementor-widget-container\">\n\t\t\t\t\t\t\t\t\t\t\t\t<figure class=\"wp-caption\">\n\t\t\t\t\t\t\t\t\t\t<img decoding=\"async\" width=\"640\" height=\"427\" src=\"https:\/\/abidjan.diplomatie.gov.bf\/wp-content\/uploads\/sites\/44\/2024\/06\/Flag_of_Burkina_Faso.png\" class=\"attachment-large size-large wp-image-3861\" alt=\"\" \/>\t\t\t\t\t\t\t\t\t\t\t<figcaption class=\"widget-image-caption wp-caption-text\">Drapeau du Burkina Faso<\/figcaption>\n\t\t\t\t\t\t\t\t\t\t<\/figure>\n\t\t\t\t\t\t\t\t\t<\/div>\n\t\t\t\t<\/div>\n\t\t\t\t<\/div>\n\t\t<div data-particle_enable=\"false\" data-particle-mobile-disabled=\"false\" class=\"elementor-element elementor-element-149bf98 e-con-full e-flex e-con e-child\" data-id=\"149bf98\" data-element_type=\"container\" data-e-type=\"container\">\n\t\t\t\t<div class=\"elementor-element elementor-element-338225a elementor-widget elementor-widget-heading\" data-id=\"338225a\" data-element_type=\"widget\" data-e-type=\"widget\" data-widget_type=\"heading.default\">\n\t\t\t\t<div class=\"elementor-widget-container\">\n\t\t\t\t\t<h2 class=\"elementor-heading-title elementor-size-default\">Drapeau<\/h2>\t\t\t\t<\/div>\n\t\t\t\t<\/div>\n\t\t\t\t<div class=\"elementor-element elementor-element-bedf21c elementor-widget elementor-widget-text-editor\" data-id=\"bedf21c\" data-element_type=\"widget\" data-e-type=\"widget\" data-widget_type=\"text-editor.default\">\n\t\t\t\t<div class=\"elementor-widget-container\">\n\t\t\t\t\t\t\t\t\t<p>L\u2019embl\u00e8me du Burkina Faso est un drapeau bicolore\u00a0(rouge au-dessus\u00a0du vert), divis\u00e9 en deux bandes horizontales de dimensions \u00e9gales. Le\u00a0centre du drapeau est frapp\u00e9 d\u2019une \u00e9toile jaune\/or \u00e0 cinq branches.<\/p><p><strong>Le\u00a0rouge<\/strong>\u00a0symbolise le sang vers\u00e9 hier, aujourd\u2019hui et demain par les\u00a0patriotes pour assurer notre victoire. Par extension, il repr\u00e9sente tous les sacrifices du peuple burkinab\u00e8.<\/p><p><strong>Le vert<\/strong>\u00a0est le symbole des diverses richesses v\u00e9g\u00e9tales et agricoles de notre peuple. Il symbolise par\u00a0extension l\u2019abondance qui fera le bonheur de notre peuple.<\/p><p><strong>L\u2019\u00e9toile jaune\u00a0<\/strong>symbolise la vision et la perfection qui doivent nous guider dans\u00a0la conqu\u00eate de l\u2019avenir.<\/p>\t\t\t\t\t\t\t\t<\/div>\n\t\t\t\t<\/div>\n\t\t\t\t<\/div>\n\t\t\t\t\t<\/div>\n\t\t\t\t<\/div>\n\t\t\t\t<\/div>\n\t\t","protected":false},"excerpt":{"rendered":"<p>\/*! elementor &#8211; v3.23.0 &#8211; 05-08-2024 *\/ .elementor-heading-title{padding:0;margin:0;line-height:1}.elementor-widget-heading .elementor-heading-title[class*=elementor-size-]&gt;a{color:inherit;font-size:inherit;line-height:inherit}.elementor-widget-heading .elementor-heading-title.elementor-size-small{font-size:15px}.elementor-widget-heading .elementor-heading-title.elementor-size-medium{font-size:19px}.elementor-widget-heading .elementor-heading-title.elementor-size-large{font-size:29px}.elementor-widget-heading .elementor-heading-title.elementor-size-xl{font-size:39px}.elementor-widget-heading .elementor-heading-title.elementor-size-xxl{font-size:59px} Burkina Faso \/*! elementor &#8211; v3.23.0 &#8211; 05-08-2024 *\/ .elementor-widget-divider{&#8211;divider-border-style:none;&#8211;divider-border-width:1px;&#8211;divider-color:#0c0d0e;&#8211;divider-icon-size:20px;&#8211;divider-element-spacing:10px;&#8211;divider-pattern-height:24px;&#8211;divider-pattern-size:20px;&#8211;divider-pattern-url:none;&#8211;divider-pattern-repeat:repeat-x}.elementor-widget-divider .elementor-divider{display:flex}.elementor-widget-divider .elementor-divider__text{font-size:15px;line-height:1;max-width:95%}.elementor-widget-divider .elementor-divider__element{margin:0 var(&#8211;divider-element-spacing);flex-shrink:0}.elementor-widget-divider .elementor-icon{font-size:var(&#8211;divider-icon-size)}.elementor-widget-divider .elementor-divider-separator{display:flex;margin:0;direction:ltr}.elementor-widget-divider&#8211;view-line_icon .elementor-divider-separator,.elementor-widget-divider&#8211;view-line_text .elementor-divider-separator{align-items:center}.elementor-widget-divider&#8211;view-line_icon .elementor-divider-separator:after,.elementor-widget-divider&#8211;view-line_icon .elementor-divider-separator:before,.elementor-widget-divider&#8211;view-line_text .elementor-divider-separator:after,.elementor-widget-divider&#8211;view-line_text .elementor-divider-separator:before{display:block;content:\u00a0\u00bb\u00a0\u00bb;border-block-end:0;flex-grow:1;border-block-start:var(&#8211;divider-border-width) var(&#8211;divider-border-style) var(&#8211;divider-color)}.elementor-widget-divider&#8211;element-align-left .elementor-divider .elementor-divider-separator&gt;.elementor-divider__svg:first-of-type{flex-grow:0;flex-shrink:100}.elementor-widget-divider&#8211;element-align-left .elementor-divider-separator:before{content:none}.elementor-widget-divider&#8211;element-align-left .elementor-divider__element{margin-left:0}.elementor-widget-divider&#8211;element-align-right .elementor-divider .elementor-divider-separator&gt;.elementor-divider__svg:last-of-type{flex-grow:0;flex-shrink:100}.elementor-widget-divider&#8211;element-align-right .elementor-divider-separator:after{content:none}.elementor-widget-divider&#8211;element-align-right .elementor-divider__element{margin-right:0}.elementor-widget-divider&#8211;element-align-start .elementor-divider .elementor-divider-separator&gt;.elementor-divider__svg:first-of-type{flex-grow:0;flex-shrink:100}.elementor-widget-divider&#8211;element-align-start .elementor-divider-separator:before{content:none}.elementor-widget-divider&#8211;element-align-start .elementor-divider__element{margin-inline-start:0}.elementor-widget-divider&#8211;element-align-end .elementor-divider .elementor-divider-separator&gt;.elementor-divider__svg:last-of-type{flex-grow:0;flex-shrink:100}.elementor-widget-divider&#8211;element-align-end .elementor-divider-separator:after{content:none}.elementor-widget-divider&#8211;element-align-end .elementor-divider__element{margin-inline-end:0}.elementor-widget-divider:not(.elementor-widget-divider&#8211;view-line_text):not(.elementor-widget-divider&#8211;view-line_icon) .elementor-divider-separator{border-block-start:var(&#8211;divider-border-width) [&hellip;]<\/p>\n","protected":false},"author":4,"featured_media":0,"parent":0,"menu_order":0,"comment_status":"closed","ping_status":"closed","template":"","meta":{"_acf_changed":false,"_monsterinsights_skip_tracking":false,"_monsterinsights_sitenote_active":false,"_monsterinsights_sitenote_note":"","_monsterinsights_sitenote_category":0,"footnotes":""},"class_list":["post-3048","page","type-page","status-publish","hentry"],"acf":[],"_links":{"self":[{"href":"https:\/\/abidjan.diplomatie.gov.bf\/index.php\/wp-json\/wp\/v2\/pages\/3048","targetHints":{"allow":["GET"]}}],"collection":[{"href":"https:\/\/abidjan.diplomatie.gov.bf\/index.php\/wp-json\/wp\/v2\/pages"}],"about":[{"href":"https:\/\/abidjan.diplomatie.gov.bf\/index.php\/wp-json\/wp\/v2\/types\/page"}],"author":[{"embeddable":true,"href":"https:\/\/abidjan.diplomatie.gov.bf\/index.php\/wp-json\/wp\/v2\/users\/4"}],"replies":[{"embeddable":true,"href":"https:\/\/abidjan.diplomatie.gov.bf\/index.php\/wp-json\/wp\/v2\/comments?post=3048"}],"version-history":[{"count":88,"href":"https:\/\/abidjan.diplomatie.gov.bf\/index.php\/wp-json\/wp\/v2\/pages\/3048\/revisions"}],"predecessor-version":[{"id":5223,"href":"https:\/\/abidjan.diplomatie.gov.bf\/index.php\/wp-json\/wp\/v2\/pages\/3048\/revisions\/5223"}],"wp:attachment":[{"href":"https:\/\/abidjan.diplomatie.gov.bf\/index.php\/wp-json\/wp\/v2\/media?parent=3048"}],"curies":[{"name":"wp","href":"https:\/\/api.w.org\/{rel}","templated":true}]}}