{"id":3980,"date":"2024-06-27T11:37:08","date_gmt":"2024-06-27T09:37:08","guid":{"rendered":"https:\/\/abidjan.diplomatie.gov.bf\/?page_id=3980"},"modified":"2024-12-12T12:59:30","modified_gmt":"2024-12-12T11:59:30","slug":"le-personnel","status":"publish","type":"page","link":"https:\/\/abidjan.diplomatie.gov.bf\/index.php\/le-personnel\/","title":{"rendered":"Le personnel"},"content":{"rendered":"\t\t<div data-elementor-type=\"wp-page\" data-elementor-id=\"3980\" class=\"elementor elementor-3980\" data-elementor-post-type=\"page\">\n\t\t\t\t<div data-particle_enable=\"false\" data-particle-mobile-disabled=\"false\" class=\"elementor-element elementor-element-4eb88673 e-flex e-con-boxed elementor-invisible e-con e-parent\" data-id=\"4eb88673\" data-element_type=\"container\" data-e-type=\"container\" data-settings=\"{&quot;background_background&quot;:&quot;classic&quot;,&quot;animation&quot;:&quot;slideInLeft&quot;}\">\n\t\t\t\t\t<div class=\"e-con-inner\">\n\t\t<div data-particle_enable=\"false\" data-particle-mobile-disabled=\"false\" class=\"elementor-element elementor-element-7884ee44 e-con-full e-flex elementor-invisible e-con e-child\" data-id=\"7884ee44\" data-element_type=\"container\" data-e-type=\"container\" data-settings=\"{&quot;animation&quot;:&quot;fadeInLeft&quot;}\">\n\t\t\t\t<div class=\"elementor-element elementor-element-493a66f elementor-widget elementor-widget-tg-team\" data-id=\"493a66f\" data-element_type=\"widget\" data-e-type=\"widget\" data-widget_type=\"tg-team.default\">\n\t\t\t\t<div class=\"elementor-widget-container\">\n\t\t\t\t\t\r\n\r\n\r\n        \r\n            <div class=\"row justify-content-center gutter-24\">\r\n                                    <div class=\"col-lg-3 col-md-6 col-sm-8\">\r\n                        <div class=\"team__item-two shine-animate-item\">\r\n                                                            <div class=\"team__thumb-two shine-animate\">\r\n                                    <img decoding=\"async\" src=\"https:\/\/abidjan.diplomatie.gov.bf\/wp-content\/uploads\/sites\/44\/2024\/12\/DSC_1249.jpg\" alt=\"\">\r\n                                <\/div>\r\n                                                        <div class=\"team__content-two\">\r\n                                <h4 class=\"title\"><a href=\"#\">Me. OUEDRAOGO Ouss\u00e9ni <\/a><\/h4>\r\n                                                                    <span>Consul adjoint, G\u00e9rant int\u00e9rimaire<\/span>\r\n                                                                                            <\/div>\r\n                        <\/div>\r\n                    <\/div>\r\n                                    <div class=\"col-lg-3 col-md-6 col-sm-8\">\r\n                        <div class=\"team__item-two shine-animate-item\">\r\n                                                            <div class=\"team__thumb-two shine-animate\">\r\n                                    <img decoding=\"async\" src=\"https:\/\/abidjan.diplomatie.gov.bf\/wp-content\/uploads\/sites\/44\/2024\/12\/KI-Biennede-Rodrigue.png\" alt=\"\">\r\n                                <\/div>\r\n                                                        <div class=\"team__content-two\">\r\n                                <h4 class=\"title\"><a href=\"#\">KI Bienn\u00e8d\u00e9 Rodrigue<\/a><\/h4>\r\n                                                                    <span>Consul Adjoint<\/span>\r\n                                                                                            <\/div>\r\n                        <\/div>\r\n                    <\/div>\r\n                                    <div class=\"col-lg-3 col-md-6 col-sm-8\">\r\n                        <div class=\"team__item-two shine-animate-item\">\r\n                                                            <div class=\"team__thumb-two shine-animate\">\r\n                                    <img decoding=\"async\" src=\"https:\/\/abidjan.diplomatie.gov.bf\/wp-content\/uploads\/sites\/44\/2024\/12\/KIENOU-Moussa.png\" alt=\"KIENOU Moussa\">\r\n                                <\/div>\r\n                                                        <div class=\"team__content-two\">\r\n                                <h4 class=\"title\"><a href=\"#\">KIENOU Moussa<\/a><\/h4>\r\n                                                                    <span>Vice -Consul<\/span>\r\n                                                                                            <\/div>\r\n                        <\/div>\r\n                    <\/div>\r\n                                    <div class=\"col-lg-3 col-md-6 col-sm-8\">\r\n                        <div class=\"team__item-two shine-animate-item\">\r\n                                                            <div class=\"team__thumb-two shine-animate\">\r\n                                    <img decoding=\"async\" src=\"https:\/\/abidjan.diplomatie.gov.bf\/wp-content\/uploads\/sites\/44\/2024\/12\/SAWADOGO-Halidou.png\" alt=\"SAWADOGO Halidou\">\r\n                                <\/div>\r\n                                                        <div class=\"team__content-two\">\r\n                                <h4 class=\"title\"><a href=\"#\">SAWADOGO Halidou<\/a><\/h4>\r\n                                                                    <span>Vice-Consul<\/span>\r\n                                                                                            <\/div>\r\n                        <\/div>\r\n                    <\/div>\r\n                                    <div class=\"col-lg-3 col-md-6 col-sm-8\">\r\n                        <div class=\"team__item-two shine-animate-item\">\r\n                                                            <div class=\"team__thumb-two shine-animate\">\r\n                                    <img decoding=\"async\" src=\"https:\/\/abidjan.diplomatie.gov.bf\/wp-content\/uploads\/sites\/44\/2024\/12\/SANOGO-Idrissa.png\" alt=\"SANOGO Idrissa\">\r\n                                <\/div>\r\n                                                        <div class=\"team__content-two\">\r\n                                <h4 class=\"title\"><a href=\"#\">SANOGO Idrissa<\/a><\/h4>\r\n                                                                    <span>Percepteur<\/span>\r\n                                                                                            <\/div>\r\n                        <\/div>\r\n                    <\/div>\r\n                                    <div class=\"col-lg-3 col-md-6 col-sm-8\">\r\n                        <div class=\"team__item-two shine-animate-item\">\r\n                                                            <div class=\"team__thumb-two shine-animate\">\r\n                                    <img decoding=\"async\" src=\"https:\/\/abidjan.diplomatie.gov.bf\/wp-content\/uploads\/sites\/44\/2024\/12\/BELEM-Ouseini.png\" alt=\"BELEM Ouseini\">\r\n                                <\/div>\r\n                                                        <div class=\"team__content-two\">\r\n                                <h4 class=\"title\"><a href=\"#\">BELEM Ouseini<\/a><\/h4>\r\n                                                                    <span>Attach\u00e9<\/span>\r\n                                                                                            <\/div>\r\n                        <\/div>\r\n                    <\/div>\r\n                                    <div class=\"col-lg-3 col-md-6 col-sm-8\">\r\n                        <div class=\"team__item-two shine-animate-item\">\r\n                                                            <div class=\"team__thumb-two shine-animate\">\r\n                                    <img decoding=\"async\" src=\"https:\/\/abidjan.diplomatie.gov.bf\/wp-content\/uploads\/sites\/44\/2024\/12\/DIALLO-Djampoulo-Abdoulrahime.png\" alt=\"DIALLO Djampoulo Abdoulrahime\">\r\n                                <\/div>\r\n                                                        <div class=\"team__content-two\">\r\n                                <h4 class=\"title\"><a href=\"#\">DIALLO Djampoulo Abdoulrahime<\/a><\/h4>\r\n                                                                    <span>Attach\u00e9<\/span>\r\n                                                                                            <\/div>\r\n                        <\/div>\r\n                    <\/div>\r\n                                    <div class=\"col-lg-3 col-md-6 col-sm-8\">\r\n                        <div class=\"team__item-two shine-animate-item\">\r\n                                                            <div class=\"team__thumb-two shine-animate\">\r\n                                    <img decoding=\"async\" src=\"https:\/\/abidjan.diplomatie.gov.bf\/wp-content\/uploads\/sites\/44\/2024\/12\/TIENDREBEOGO-Claire.png\" alt=\"TIENDREBEOGO Claire\">\r\n                                <\/div>\r\n                                                        <div class=\"team__content-two\">\r\n                                <h4 class=\"title\"><a href=\"#\">TIENDREBEOGO Claire<\/a><\/h4>\r\n                                                                    <span>Attach\u00e9e<\/span>\r\n                                                                                            <\/div>\r\n                        <\/div>\r\n                    <\/div>\r\n                                    <div class=\"col-lg-3 col-md-6 col-sm-8\">\r\n                        <div class=\"team__item-two shine-animate-item\">\r\n                                                            <div class=\"team__thumb-two shine-animate\">\r\n                                    <img decoding=\"async\" src=\"https:\/\/abidjan.diplomatie.gov.bf\/wp-content\/uploads\/sites\/44\/2024\/12\/OUEDRAOGO-Sidpayangde-Rasmata.png\" alt=\"OUEDRAOGO Sidpayangd\u00e9 Rasmata\">\r\n                                <\/div>\r\n                                                        <div class=\"team__content-two\">\r\n                                <h4 class=\"title\"><a href=\"#\">OUEDRAOGO Sidpayangd\u00e9 Rasmata<\/a><\/h4>\r\n                                                                    <span>Attach\u00e9e<\/span>\r\n                                                                                            <\/div>\r\n                        <\/div>\r\n                    <\/div>\r\n                                    <div class=\"col-lg-3 col-md-6 col-sm-8\">\r\n                        <div class=\"team__item-two shine-animate-item\">\r\n                                                            <div class=\"team__thumb-two shine-animate\">\r\n                                    <img decoding=\"async\" src=\"https:\/\/abidjan.diplomatie.gov.bf\/wp-content\/uploads\/sites\/44\/2024\/12\/SANOGO-OUEDRAOGO-Wendsugdi-Scholastiques-1.png\" alt=\"SANOGO\/OUEDRAOGO Wendsugdi Scholastiques\">\r\n                                <\/div>\r\n                                                        <div class=\"team__content-two\">\r\n                                <h4 class=\"title\"><a href=\"#\">SANOGO\/OUEDRAOGO Wendsugdi Scholastiques<\/a><\/h4>\r\n                                                                    <span>Attach\u00e9e<\/span>\r\n                                                                                            <\/div>\r\n                        <\/div>\r\n                    <\/div>\r\n                                    <div class=\"col-lg-3 col-md-6 col-sm-8\">\r\n                        <div class=\"team__item-two shine-animate-item\">\r\n                                                            <div class=\"team__thumb-two shine-animate\">\r\n                                    <img decoding=\"async\" src=\"https:\/\/abidjan.diplomatie.gov.bf\/wp-content\/uploads\/sites\/44\/2024\/12\/TAPSOBA-Laurent.png\" alt=\"TAPSOBA Laurent\">\r\n                                <\/div>\r\n                                                        <div class=\"team__content-two\">\r\n                                <h4 class=\"title\"><a href=\"#\">TAPSOBA Laurent<\/a><\/h4>\r\n                                                                    <span>Attach\u00e9<\/span>\r\n                                                                                            <\/div>\r\n                        <\/div>\r\n                    <\/div>\r\n                            <\/div>\r\n\r\n        \r\n\t\t\t\t<\/div>\n\t\t\t\t<\/div>\n\t\t\t\t<\/div>\n\t\t\t\t\t<\/div>\n\t\t\t\t<\/div>\n\t\t\t\t<\/div>\n\t\t","protected":false},"excerpt":{"rendered":"<p>Me. OUEDRAOGO Ouss\u00e9ni Consul adjoint, G\u00e9rant int\u00e9rimaire KI Bienn\u00e8d\u00e9 Rodrigue Consul Adjoint KIENOU Moussa Vice -Consul SAWADOGO Halidou Vice-Consul SANOGO Idrissa Percepteur BELEM Ouseini Attach\u00e9 DIALLO Djampoulo Abdoulrahime Attach\u00e9 TIENDREBEOGO Claire Attach\u00e9e OUEDRAOGO Sidpayangd\u00e9 Rasmata Attach\u00e9e SANOGO\/OUEDRAOGO Wendsugdi Scholastiques Attach\u00e9e TAPSOBA Laurent Attach\u00e9<\/p>\n","protected":false},"author":4,"featured_media":0,"parent":0,"menu_order":0,"comment_status":"closed","ping_status":"closed","template":"elementor_header_footer","meta":{"_acf_changed":false,"_monsterinsights_skip_tracking":false,"_monsterinsights_sitenote_active":false,"_monsterinsights_sitenote_note":"","_monsterinsights_sitenote_category":0,"footnotes":""},"class_list":["post-3980","page","type-page","status-publish","hentry"],"acf":[],"_links":{"self":[{"href":"https:\/\/abidjan.diplomatie.gov.bf\/index.php\/wp-json\/wp\/v2\/pages\/3980","targetHints":{"allow":["GET"]}}],"collection":[{"href":"https:\/\/abidjan.diplomatie.gov.bf\/index.php\/wp-json\/wp\/v2\/pages"}],"about":[{"href":"https:\/\/abidjan.diplomatie.gov.bf\/index.php\/wp-json\/wp\/v2\/types\/page"}],"author":[{"embeddable":true,"href":"https:\/\/abidjan.diplomatie.gov.bf\/index.php\/wp-json\/wp\/v2\/users\/4"}],"replies":[{"embeddable":true,"href":"https:\/\/abidjan.diplomatie.gov.bf\/index.php\/wp-json\/wp\/v2\/comments?post=3980"}],"version-history":[{"count":84,"href":"https:\/\/abidjan.diplomatie.gov.bf\/index.php\/wp-json\/wp\/v2\/pages\/3980\/revisions"}],"predecessor-version":[{"id":5200,"href":"https:\/\/abidjan.diplomatie.gov.bf\/index.php\/wp-json\/wp\/v2\/pages\/3980\/revisions\/5200"}],"wp:attachment":[{"href":"https:\/\/abidjan.diplomatie.gov.bf\/index.php\/wp-json\/wp\/v2\/media?parent=3980"}],"curies":[{"name":"wp","href":"https:\/\/api.w.org\/{rel}","templated":true}]}}