{"id":4651,"date":"2024-07-26T11:05:41","date_gmt":"2024-07-26T09:05:41","guid":{"rendered":"https:\/\/abidjan.diplomatie.gov.bf\/?page_id=4651"},"modified":"2024-12-10T14:44:18","modified_gmt":"2024-12-10T13:44:18","slug":"informations","status":"publish","type":"page","link":"https:\/\/abidjan.diplomatie.gov.bf\/index.php\/informations\/","title":{"rendered":"Informations"},"content":{"rendered":"\t\t<div data-elementor-type=\"wp-page\" data-elementor-id=\"4651\" class=\"elementor elementor-4651\" data-elementor-post-type=\"page\">\n\t\t\t\t<div data-particle_enable=\"false\" data-particle-mobile-disabled=\"false\" class=\"elementor-element elementor-element-74e3b7d e-flex e-con-boxed e-con e-parent\" data-id=\"74e3b7d\" data-element_type=\"container\" data-e-type=\"container\">\n\t\t\t\t\t<div class=\"e-con-inner\">\n\t\t\t\t<div class=\"elementor-element elementor-element-fa8b9c7 elementor-widget elementor-widget-text-editor\" data-id=\"fa8b9c7\" data-element_type=\"widget\" data-e-type=\"widget\" data-widget_type=\"text-editor.default\">\n\t\t\t\t<div class=\"elementor-widget-container\">\n\t\t\t\t\t\t\t\t\t<p>Le chef-lieu de la circonscription consulaire d\u2019Abidjan est situ\u00e9 dans le Sud de la C\u00f4te d\u2019Ivoire, au bord du Golfe de Guin\u00e9e et travers\u00e9 par la lagune Ebri\u00e9.<\/p><p>Abidjan est la ville la plus peupl\u00e9e de la C\u00f4te D\u2019Ivoire avec une population de 5.616.633 habitants, selon le recensement g\u00e9n\u00e9ral de la population et de l\u2019habitat (RGPH) de 2021, soit 21,5% de la population du pays.<\/p><p>Le District autonome d\u2019Abidjan regroupe dix communes de l\u2019ancienne ville d\u2019Abidjan (Abobo, Adjam\u00e9, Att\u00e9coub\u00e9, Cocody, Koumassi, Marcory, Plateau, Port-Bou\u00ebt, Treichville et Yopougon) et quatre sous-pr\u00e9fectures p\u00e9riph\u00e9riques que sont\u00a0: Anyama, Bingerville, Brofodoum\u00e9 et Songon.<\/p><p>L\u2019autre partie de la circonscription consulaire d\u2019Abidjan est compos\u00e9e de neuf (9) r\u00e9gions \u00a0sur les 31 que compte la R\u00e9publique de C\u00f4te d\u2019Ivoire.<\/p><p>Les personnels diplomatique et local ont en charge l\u2019administration du Consulat G\u00e9n\u00e9ral et l\u2019ensemble de la circonscription consulaire.<\/p><p>Nos d\u00e9marches aupr\u00e8s des autorit\u00e9s comp\u00e9tentes ivoiriennes ne nous ont pas permis, pour l\u2019instant, d\u2019avoir des donn\u00e9es statistiques sur la population totale des burkinab\u00e8 de la circonscription consulaire.<\/p><p>Cependant, suite au dernier recensement g\u00e9n\u00e9ral de la population et de l\u2019habitat de 2021, sur 6 440 163 personnes de nationalit\u00e9 non ivoirienne, r\u00e9sidant en R\u00e9publique de C\u00f4te d\u2019Ivoire, les burkinab\u00e8 sont au nombre de 4 056 444, repr\u00e9sentant 62,8% de cette population \u00e9trang\u00e8re en C\u00f4te D\u2019Ivoire.<\/p><p>Quant au taux d\u2019accroissement de la population burkinab\u00e8 en C\u00f4te D\u2019Ivoire, il est de 2,1%.<\/p><p>Afin de parvenir \u00e0 une bonne administration consulaire, le Consulat G\u00e9n\u00e9ral compte sur les d\u00e9l\u00e9gu\u00e9s au Conseil sup\u00e9rieur des burkinab\u00e8 de l\u2019\u00e9tranger (CSBE), au nombre de six (06), actuellement, r\u00e9gis par les textes du Minist\u00e8re en charge des Affaires \u00e9trang\u00e8res, et des d\u00e9l\u00e9gu\u00e9s consulaires, au nombre de 107. Ces derniers repr\u00e9sentent le Consul G\u00e9n\u00e9ral aupr\u00e8s des Autorit\u00e9s locales ivoiriennes (pr\u00e9fectures, sous-pr\u00e9fectures, police, gendarmerie, justice, mairies, chefferie traditionnelle, etc.) ainsi qu\u2019aupr\u00e8s des ressortissants burkinab\u00e8. Une d\u00e9cision conjointe Ambassade-Consulats g\u00e9n\u00e9raux r\u00e9git l\u2019organisation de ces d\u00e9l\u00e9gu\u00e9s consulaires.<\/p><p>Les d\u00e9l\u00e9gu\u00e9s CSBE et consulaires sont des relais importants, effectuant un excellent travail de proximit\u00e9 sur le terrain.<\/p><p>En plus d\u00e9l\u00e9gu\u00e9s, le Consulat g\u00e9n\u00e9ral s\u2019appuie sur les entit\u00e9s suivantes pour une gestion efficiente de la communaut\u00e9 burkinab\u00e8\u00a0:<\/p><ul><li>Les responsables \/ guides religieux\u00a0: ce sont des personnalit\u00e9s morales aidant non seulement l\u2019administration consulaire \u00e0 g\u00e9rer les questions sociales mais \u00e9galement \u00e0 servir d\u2019interm\u00e9diaire dans certaines structures locales de gestion de comit\u00e9s ou commissions sp\u00e9cifiques sous l\u2019autorit\u00e9 des pr\u00e9fets de r\u00e9gion ou de d\u00e9partements.<\/li><li>Les responsables d\u2019associations\u00a0: les associations burkinab\u00e8 sont, depuis l\u2019ann\u00e9e 2020, organis\u00e9es \u00e0 travers un enregistrement aupr\u00e8s du Consulat G\u00e9n\u00e9ral, conform\u00e9ment \u00e0 des crit\u00e8res bien d\u00e9finis. C\u2019est ainsi qu\u2019\u00e0 ce jour, 55 associations exercent leurs activit\u00e9s tout en rendant compte de leur mise en \u0153uvre \u00e0 l\u2019administration consulaire.<\/li><\/ul><p>Les chefs de communaut\u00e9\u00a0: les chefs de communaut\u00e9, personnalit\u00e9s morales burkinab\u00e8 bien que jouant un r\u00f4le important d\u2019accompagnement, tant aupr\u00e8s du Consulat G\u00e9n\u00e9ral, \u00e0 travers la gestion de probl\u00e8mes sociaux, qu\u2019aupr\u00e8s des Autorit\u00e9s ivoiriennes, il demeure l\u2019\u00e9pineuse question de leur organisation et reconnaissance formelle, avec, par endroit, des probl\u00e8mes de leadership en leur sein. Ce d\u00e9fi reste \u00e0 relever et le travail de sensibilisation continue dans ce sens.<\/p>\t\t\t\t\t\t\t\t<\/div>\n\t\t\t\t<\/div>\n\t\t\t\t\t<\/div>\n\t\t\t\t<\/div>\n\t\t\t\t<\/div>\n\t\t","protected":false},"excerpt":{"rendered":"<p>Le chef-lieu de la circonscription consulaire d\u2019Abidjan est situ\u00e9 dans le Sud de la C\u00f4te d\u2019Ivoire, au bord du Golfe de Guin\u00e9e et travers\u00e9 par la lagune Ebri\u00e9. Abidjan est la ville la plus peupl\u00e9e de la C\u00f4te D\u2019Ivoire avec une population de 5.616.633 habitants, selon le recensement g\u00e9n\u00e9ral de la population et de l\u2019habitat [&hellip;]<\/p>\n","protected":false},"author":9,"featured_media":0,"parent":0,"menu_order":0,"comment_status":"closed","ping_status":"closed","template":"elementor_header_footer","meta":{"_acf_changed":false,"_monsterinsights_skip_tracking":false,"_monsterinsights_sitenote_active":false,"_monsterinsights_sitenote_note":"","_monsterinsights_sitenote_category":0,"footnotes":""},"class_list":["post-4651","page","type-page","status-publish","hentry"],"acf":[],"_links":{"self":[{"href":"https:\/\/abidjan.diplomatie.gov.bf\/index.php\/wp-json\/wp\/v2\/pages\/4651","targetHints":{"allow":["GET"]}}],"collection":[{"href":"https:\/\/abidjan.diplomatie.gov.bf\/index.php\/wp-json\/wp\/v2\/pages"}],"about":[{"href":"https:\/\/abidjan.diplomatie.gov.bf\/index.php\/wp-json\/wp\/v2\/types\/page"}],"author":[{"embeddable":true,"href":"https:\/\/abidjan.diplomatie.gov.bf\/index.php\/wp-json\/wp\/v2\/users\/9"}],"replies":[{"embeddable":true,"href":"https:\/\/abidjan.diplomatie.gov.bf\/index.php\/wp-json\/wp\/v2\/comments?post=4651"}],"version-history":[{"count":7,"href":"https:\/\/abidjan.diplomatie.gov.bf\/index.php\/wp-json\/wp\/v2\/pages\/4651\/revisions"}],"predecessor-version":[{"id":5122,"href":"https:\/\/abidjan.diplomatie.gov.bf\/index.php\/wp-json\/wp\/v2\/pages\/4651\/revisions\/5122"}],"wp:attachment":[{"href":"https:\/\/abidjan.diplomatie.gov.bf\/index.php\/wp-json\/wp\/v2\/media?parent=4651"}],"curies":[{"name":"wp","href":"https:\/\/api.w.org\/{rel}","templated":true}]}}